{"id":41,"date":"2020-11-15T18:23:31","date_gmt":"2020-11-15T17:23:31","guid":{"rendered":"http:\/\/ekspert.waw.pl\/?page_id=41"},"modified":"2020-11-17T00:28:29","modified_gmt":"2020-11-16T23:28:29","slug":"projektowanie","status":"publish","type":"page","link":"http:\/\/ekspert.waw.pl\/?page_id=41","title":{"rendered":"Galeria"},"content":{"rendered":"\n<div class=\"wp-block-image\"><figure class=\"aligncenter size-large\"><img loading=\"lazy\" width=\"768\" height=\"1024\" src=\"http:\/\/ekspert.waw.pl\/wp-content\/uploads\/2020\/11\/20150831_104524-768x1024.jpg\" alt=\"\" class=\"wp-image-24\" srcset=\"http:\/\/ekspert.waw.pl\/wp-content\/uploads\/2020\/11\/20150831_104524-768x1024.jpg 768w, http:\/\/ekspert.waw.pl\/wp-content\/uploads\/2020\/11\/20150831_104524-225x300.jpg 225w, http:\/\/ekspert.waw.pl\/wp-content\/uploads\/2020\/11\/20150831_104524-1152x1536.jpg 1152w, http:\/\/ekspert.waw.pl\/wp-content\/uploads\/2020\/11\/20150831_104524-1536x2048.jpg 1536w, http:\/\/ekspert.waw.pl\/wp-content\/uploads\/2020\/11\/20150831_104524-scaled.jpg 1920w\" sizes=\"(max-width: 706px) 89vw, (max-width: 767px) 82vw, 740px\" \/><figcaption>Rozdzielnia sterowania wentylacj\u0105 bytow\u0105 gara\u017cu<\/figcaption><\/figure><\/div>\n\n\n\n<figure class=\"wp-block-image size-large\"><a href=\"http:\/\/ekspert.waw.pl\/?attachment_id=44\"><img loading=\"lazy\" width=\"768\" height=\"1024\" src=\"http:\/\/ekspert.waw.pl\/wp-content\/uploads\/2020\/11\/IMAG1376-1-768x1024.jpg\" alt=\"\" class=\"wp-image-44\" srcset=\"http:\/\/ekspert.waw.pl\/wp-content\/uploads\/2020\/11\/IMAG1376-1-768x1024.jpg 768w, http:\/\/ekspert.waw.pl\/wp-content\/uploads\/2020\/11\/IMAG1376-1-225x300.jpg 225w, http:\/\/ekspert.waw.pl\/wp-content\/uploads\/2020\/11\/IMAG1376-1-1152x1536.jpg 1152w, http:\/\/ekspert.waw.pl\/wp-content\/uploads\/2020\/11\/IMAG1376-1-1536x2048.jpg 1536w, http:\/\/ekspert.waw.pl\/wp-content\/uploads\/2020\/11\/IMAG1376-1-scaled.jpg 1920w\" sizes=\"(max-width: 706px) 89vw, (max-width: 767px) 82vw, 740px\" \/><\/a><figcaption>Detekcja LPG w gara\u017cu podziemnym<\/figcaption><\/figure>\n\n\n\n<figure class=\"wp-block-image size-large is-resized\"><img loading=\"lazy\" src=\"http:\/\/ekspert.waw.pl\/wp-content\/uploads\/2020\/11\/IMAG1587-768x1024.jpg\" alt=\"\" class=\"wp-image-43\" width=\"674\" height=\"898\" srcset=\"http:\/\/ekspert.waw.pl\/wp-content\/uploads\/2020\/11\/IMAG1587-768x1024.jpg 768w, http:\/\/ekspert.waw.pl\/wp-content\/uploads\/2020\/11\/IMAG1587-225x300.jpg 225w, http:\/\/ekspert.waw.pl\/wp-content\/uploads\/2020\/11\/IMAG1587-1152x1536.jpg 1152w, http:\/\/ekspert.waw.pl\/wp-content\/uploads\/2020\/11\/IMAG1587-1536x2048.jpg 1536w, http:\/\/ekspert.waw.pl\/wp-content\/uploads\/2020\/11\/IMAG1587-scaled.jpg 1920w\" sizes=\"(max-width: 674px) 100vw, 674px\" \/><figcaption>Zadymianie gara\u017cu w celu sprawdzenia poprawno\u015bci oddymiania <\/figcaption><\/figure>\n\n\n\n<figure class=\"wp-block-image size-large\"><img loading=\"lazy\" width=\"1024\" height=\"768\" src=\"http:\/\/ekspert.waw.pl\/wp-content\/uploads\/2020\/11\/IMG_20200413_112808-2-scaled-e1605465736745-1024x768.jpg\" alt=\"\" class=\"wp-image-64\" srcset=\"http:\/\/ekspert.waw.pl\/wp-content\/uploads\/2020\/11\/IMG_20200413_112808-2-scaled-e1605465736745-1024x768.jpg 1024w, http:\/\/ekspert.waw.pl\/wp-content\/uploads\/2020\/11\/IMG_20200413_112808-2-scaled-e1605465736745-300x225.jpg 300w, http:\/\/ekspert.waw.pl\/wp-content\/uploads\/2020\/11\/IMG_20200413_112808-2-scaled-e1605465736745-768x576.jpg 768w, http:\/\/ekspert.waw.pl\/wp-content\/uploads\/2020\/11\/IMG_20200413_112808-2-scaled-e1605465736745-1536x1152.jpg 1536w, http:\/\/ekspert.waw.pl\/wp-content\/uploads\/2020\/11\/IMG_20200413_112808-2-scaled-e1605465736745-2048x1536.jpg 2048w\" sizes=\"(max-width: 706px) 89vw, (max-width: 767px) 82vw, 740px\" \/><\/figure>\n\n\n\n<figure class=\"wp-block-image size-large\"><img loading=\"lazy\" width=\"768\" height=\"1024\" src=\"http:\/\/ekspert.waw.pl\/wp-content\/uploads\/2020\/11\/IMG_20200603_174207-768x1024.jpg\" alt=\"\" class=\"wp-image-66\" srcset=\"http:\/\/ekspert.waw.pl\/wp-content\/uploads\/2020\/11\/IMG_20200603_174207-768x1024.jpg 768w, http:\/\/ekspert.waw.pl\/wp-content\/uploads\/2020\/11\/IMG_20200603_174207-225x300.jpg 225w, http:\/\/ekspert.waw.pl\/wp-content\/uploads\/2020\/11\/IMG_20200603_174207-1152x1536.jpg 1152w, http:\/\/ekspert.waw.pl\/wp-content\/uploads\/2020\/11\/IMG_20200603_174207-1536x2048.jpg 1536w, http:\/\/ekspert.waw.pl\/wp-content\/uploads\/2020\/11\/IMG_20200603_174207-scaled.jpg 1920w\" sizes=\"(max-width: 706px) 89vw, (max-width: 767px) 82vw, 740px\" \/><\/figure>\n\n\n\n<figure class=\"wp-block-image size-large\"><img loading=\"lazy\" width=\"1024\" height=\"768\" src=\"http:\/\/ekspert.waw.pl\/wp-content\/uploads\/2020\/11\/IMG_20200723_153321-1-1024x768.jpg\" alt=\"\" class=\"wp-image-67\" srcset=\"http:\/\/ekspert.waw.pl\/wp-content\/uploads\/2020\/11\/IMG_20200723_153321-1-1024x768.jpg 1024w, http:\/\/ekspert.waw.pl\/wp-content\/uploads\/2020\/11\/IMG_20200723_153321-1-300x225.jpg 300w, http:\/\/ekspert.waw.pl\/wp-content\/uploads\/2020\/11\/IMG_20200723_153321-1-768x576.jpg 768w, http:\/\/ekspert.waw.pl\/wp-content\/uploads\/2020\/11\/IMG_20200723_153321-1-1536x1152.jpg 1536w, http:\/\/ekspert.waw.pl\/wp-content\/uploads\/2020\/11\/IMG_20200723_153321-1-2048x1536.jpg 2048w\" sizes=\"(max-width: 706px) 89vw, (max-width: 767px) 82vw, 740px\" \/><\/figure>\n\n\n\n<figure class=\"wp-block-image size-large\"><img loading=\"lazy\" width=\"973\" height=\"545\" src=\"http:\/\/ekspert.waw.pl\/wp-content\/uploads\/2020\/11\/rozruch-22kW-beposredni.jpg\" alt=\"\" class=\"wp-image-19\" srcset=\"http:\/\/ekspert.waw.pl\/wp-content\/uploads\/2020\/11\/rozruch-22kW-beposredni.jpg 973w, http:\/\/ekspert.waw.pl\/wp-content\/uploads\/2020\/11\/rozruch-22kW-beposredni-300x168.jpg 300w, http:\/\/ekspert.waw.pl\/wp-content\/uploads\/2020\/11\/rozruch-22kW-beposredni-768x430.jpg 768w\" sizes=\"(max-width: 706px) 89vw, (max-width: 767px) 82vw, 740px\" \/><figcaption>pomiar pr\u0105du i napi\u0119cia podczas rozruchu bezpo\u015bredniego wentylatora<\/figcaption><\/figure>\n\n\n\n<figure class=\"wp-block-image size-large\"><img loading=\"lazy\" width=\"768\" height=\"1024\" src=\"http:\/\/ekspert.waw.pl\/wp-content\/uploads\/2020\/11\/20170529_132209-768x1024.jpg\" alt=\"\" class=\"wp-image-125\" srcset=\"http:\/\/ekspert.waw.pl\/wp-content\/uploads\/2020\/11\/20170529_132209-768x1024.jpg 768w, http:\/\/ekspert.waw.pl\/wp-content\/uploads\/2020\/11\/20170529_132209-225x300.jpg 225w, http:\/\/ekspert.waw.pl\/wp-content\/uploads\/2020\/11\/20170529_132209-1152x1536.jpg 1152w, http:\/\/ekspert.waw.pl\/wp-content\/uploads\/2020\/11\/20170529_132209-1536x2048.jpg 1536w, http:\/\/ekspert.waw.pl\/wp-content\/uploads\/2020\/11\/20170529_132209-scaled.jpg 1920w\" sizes=\"(max-width: 706px) 89vw, (max-width: 767px) 82vw, 740px\" \/><\/figure>\n\n\n\n<figure class=\"wp-block-image size-large\"><img loading=\"lazy\" width=\"768\" height=\"1024\" src=\"http:\/\/ekspert.waw.pl\/wp-content\/uploads\/2020\/11\/20151007_073734-768x1024.jpg\" alt=\"\" class=\"wp-image-118\" srcset=\"http:\/\/ekspert.waw.pl\/wp-content\/uploads\/2020\/11\/20151007_073734-768x1024.jpg 768w, http:\/\/ekspert.waw.pl\/wp-content\/uploads\/2020\/11\/20151007_073734-225x300.jpg 225w, http:\/\/ekspert.waw.pl\/wp-content\/uploads\/2020\/11\/20151007_073734-1152x1536.jpg 1152w, http:\/\/ekspert.waw.pl\/wp-content\/uploads\/2020\/11\/20151007_073734-1536x2048.jpg 1536w, http:\/\/ekspert.waw.pl\/wp-content\/uploads\/2020\/11\/20151007_073734-scaled.jpg 1920w\" sizes=\"(max-width: 706px) 89vw, (max-width: 767px) 82vw, 740px\" \/><\/figure>\n","protected":false},"excerpt":{"rendered":"","protected":false},"author":1,"featured_media":0,"parent":0,"menu_order":0,"comment_status":"closed","ping_status":"closed","template":"","meta":[],"_links":{"self":[{"href":"http:\/\/ekspert.waw.pl\/index.php?rest_route=\/wp\/v2\/pages\/41"}],"collection":[{"href":"http:\/\/ekspert.waw.pl\/index.php?rest_route=\/wp\/v2\/pages"}],"about":[{"href":"http:\/\/ekspert.waw.pl\/index.php?rest_route=\/wp\/v2\/types\/page"}],"author":[{"embeddable":true,"href":"http:\/\/ekspert.waw.pl\/index.php?rest_route=\/wp\/v2\/users\/1"}],"replies":[{"embeddable":true,"href":"http:\/\/ekspert.waw.pl\/index.php?rest_route=%2Fwp%2Fv2%2Fcomments&post=41"}],"version-history":[{"count":12,"href":"http:\/\/ekspert.waw.pl\/index.php?rest_route=\/wp\/v2\/pages\/41\/revisions"}],"predecessor-version":[{"id":131,"href":"http:\/\/ekspert.waw.pl\/index.php?rest_route=\/wp\/v2\/pages\/41\/revisions\/131"}],"wp:attachment":[{"href":"http:\/\/ekspert.waw.pl\/index.php?rest_route=%2Fwp%2Fv2%2Fmedia&parent=41"}],"curies":[{"name":"wp","href":"https:\/\/api.w.org\/{rel}","templated":true}]}}