{"id":73,"date":"2020-11-15T20:00:54","date_gmt":"2020-11-15T19:00:54","guid":{"rendered":"http:\/\/ekspert.waw.pl\/?page_id=73"},"modified":"2020-11-26T21:12:29","modified_gmt":"2020-11-26T20:12:29","slug":"o-nas","status":"publish","type":"page","link":"http:\/\/ekspert.waw.pl\/?page_id=73","title":{"rendered":"O nas"},"content":{"rendered":"\n<p class=\"has-white-color has-text-color has-background has-normal-font-size\" style=\"background-color:#3cff00\"><em><span class=\"has-inline-color has-white-color\"><strong>Firma Us\u0142ugowo Handlowa EKSPERT powsta\u0142a 1999r w zwi\u0105zku z tym posiada ponad 20-letnie do\u015bwiadczenie na rynku instalacyjnym (projekty, realizacja oraz serwis). <\/strong><\/span><\/em><\/p>\n\n\n\n<p><strong><em>Nasz profil to: <\/em><\/strong><\/p>\n\n\n\n<div class=\"wp-block-cover has-background-dim\" style=\"background-image:url(http:\/\/ekspert.waw.pl\/wp-content\/uploads\/2020\/11\/20160824_163341-150x150.jpg)\"><div class=\"wp-block-cover__inner-container\">\n<ol id=\"block-8ac71f9b-7cf9-4d38-81f5-46e8c7ca3dae\"><li><em>Automatyka HVAC,<\/em><\/li><li><em>Systemy BMS,<\/em><\/li><li><em>Systemy przeciwpo\u017carowe,<\/em><\/li><li><em>instalacje FOTOWOLTAICZNE,<\/em><\/li><li><em>Prefabrykacja rozdzielnic zasilaj\u0105cych i sterowniczych,<\/em><\/li><li><em>Automatyka wentylacja gara\u017cy, kot\u0142owni, detekcja gaz\u00f3w,<\/em><\/li><li><em>Analiza jako\u015bci energii elektrycznej.<\/em><\/li><\/ol>\n\n\n\n<figure class=\"wp-block-image size-large\"><img loading=\"lazy\" width=\"768\" height=\"1024\" src=\"http:\/\/ekspert.waw.pl\/wp-content\/uploads\/2020\/11\/20160824_163341-768x1024.jpg\" alt=\"\" class=\"wp-image-124\" srcset=\"http:\/\/ekspert.waw.pl\/wp-content\/uploads\/2020\/11\/20160824_163341-768x1024.jpg 768w, http:\/\/ekspert.waw.pl\/wp-content\/uploads\/2020\/11\/20160824_163341-225x300.jpg 225w, http:\/\/ekspert.waw.pl\/wp-content\/uploads\/2020\/11\/20160824_163341-1152x1536.jpg 1152w, http:\/\/ekspert.waw.pl\/wp-content\/uploads\/2020\/11\/20160824_163341-1536x2048.jpg 1536w, http:\/\/ekspert.waw.pl\/wp-content\/uploads\/2020\/11\/20160824_163341-scaled.jpg 1920w\" sizes=\"(max-width: 706px) 89vw, (max-width: 767px) 82vw, 740px\" \/><\/figure>\n<\/div><\/div>\n\n\n\n<div class=\"wp-block-group\"><div class=\"wp-block-group__inner-container\">\n<div class=\"wp-block-buttons aligncenter\">\n<div class=\"wp-block-button\"><a class=\"wp-block-button__link has-text-color has-background\" href=\"http:\/\/ekspert.waw.pl\/?page_id=82\" style=\"border-radius:50px;background:linear-gradient(135deg,rgb(135,9,53) 0%,rgb(179,22,22) 100%);color:#fffffa\">Projektowanie<\/a><\/div>\n\n\n\n<div class=\"wp-block-button is-style-fill\"><a class=\"wp-block-button__link has-text-color has-background\" href=\"http:\/\/ekspert.waw.pl\/?cat=1\" style=\"border-radius:50px;background:linear-gradient(317deg,rgb(135,9,53) 0%,rgb(179,22,22) 100%);color:#fffffa\">Realizacja<\/a><\/div>\n\n\n\n<div class=\"wp-block-button is-style-fill\"><a class=\"wp-block-button__link has-text-color has-background\" href=\"http:\/\/ekspert.waw.pl\/?page_id=97\" style=\"border-radius:50px;background:linear-gradient(317deg,rgb(135,9,53) 0%,rgb(179,22,22) 100%);color:#fffffa\">Serwis<\/a><\/div>\n\n\n\n<div class=\"wp-block-button is-style-fill\"><a class=\"wp-block-button__link has-text-color has-background\" href=\"http:\/\/ekspert.waw.pl\/?page_id=137\" style=\"border-radius:50px;background:linear-gradient(317deg,rgb(135,9,53) 0%,rgb(179,22,22) 100%);color:#fffffa\">Skontaktuj si\u0119 z nam<\/a><\/div>\n<\/div>\n<\/div><\/div>\n\n\n\n<p><\/p>\n","protected":false},"excerpt":{"rendered":"<p>Firma Us\u0142ugowo Handlowa EKSPERT powsta\u0142a 1999r w zwi\u0105zku z tym posiada ponad 20-letnie do\u015bwiadczenie na rynku instalacyjnym (projekty, realizacja oraz serwis). Nasz profil to:<\/p>\n","protected":false},"author":1,"featured_media":0,"parent":0,"menu_order":0,"comment_status":"closed","ping_status":"closed","template":"","meta":[],"_links":{"self":[{"href":"http:\/\/ekspert.waw.pl\/index.php?rest_route=\/wp\/v2\/pages\/73"}],"collection":[{"href":"http:\/\/ekspert.waw.pl\/index.php?rest_route=\/wp\/v2\/pages"}],"about":[{"href":"http:\/\/ekspert.waw.pl\/index.php?rest_route=\/wp\/v2\/types\/page"}],"author":[{"embeddable":true,"href":"http:\/\/ekspert.waw.pl\/index.php?rest_route=\/wp\/v2\/users\/1"}],"replies":[{"embeddable":true,"href":"http:\/\/ekspert.waw.pl\/index.php?rest_route=%2Fwp%2Fv2%2Fcomments&post=73"}],"version-history":[{"count":12,"href":"http:\/\/ekspert.waw.pl\/index.php?rest_route=\/wp\/v2\/pages\/73\/revisions"}],"predecessor-version":[{"id":146,"href":"http:\/\/ekspert.waw.pl\/index.php?rest_route=\/wp\/v2\/pages\/73\/revisions\/146"}],"wp:attachment":[{"href":"http:\/\/ekspert.waw.pl\/index.php?rest_route=%2Fwp%2Fv2%2Fmedia&parent=73"}],"curies":[{"name":"wp","href":"https:\/\/api.w.org\/{rel}","templated":true}]}}